{"id":6566,"date":"2023-03-17T15:58:43","date_gmt":"2023-03-17T14:58:43","guid":{"rendered":"https:\/\/hwghv.de\/?page_id=6566"},"modified":"2023-03-20T12:08:56","modified_gmt":"2023-03-20T11:08:56","slug":"vorstandsarbeit","status":"publish","type":"page","link":"https:\/\/hwghv.de\/?page_id=6566","title":{"rendered":"Vorstandsarbeit"},"content":{"rendered":"<div id='av-layout-grid-1'  class='av-layout-grid-container av-5miy7a-e98c408acaabb8c559e75cb3d5c0d232 entry-content-wrapper main_color av-flex-cells  avia-builder-el-0  el_before_av_section  avia-builder-el-first   container_wrap fullsize'  >\n\n<style type=\"text\/css\" data-created_by=\"avia_inline_auto\" id=\"style-css-av-41kmh2-d7077d8e5b86253b48c2f43992ff6220\">\n.flex_cell.av-41kmh2-d7077d8e5b86253b48c2f43992ff6220{\nvertical-align:top;\nbackground:url(https:\/\/hwghv.de\/wp-content\/uploads\/2020\/02\/FLOW2B-Webtest-1030x618.jpg) 0% 0% no-repeat scroll ;\n}\n<\/style>\n<div class='flex_cell av-41kmh2-d7077d8e5b86253b48c2f43992ff6220 av-gridrow-cell av_one_half no_margin  avia-builder-el-1  el_before_av_cell_one_half  avia-builder-el-first  content-align-top avia-full-stretch'  ><div class='flex_cell_inner'><\/div><\/div><div class='flex_cell av-33cmme-2b7d9ff6cdeea204971141de494a0293 av-gridrow-cell av_one_half no_margin  avia-builder-el-2  el_after_av_cell_one_half  avia-builder-el-last '  ><div class='flex_cell_inner'>\n<style type=\"text\/css\" data-created_by=\"avia_inline_auto\" id=\"style-css-av-lfcomfar-3d5063a35a2785beb404e12a5bb67384\">\n.flex_column.av-lfcomfar-3d5063a35a2785beb404e12a5bb67384{\npadding:55px 55px 11px 55px;\n}\n<\/style>\n<div  class='flex_column av-lfcomfar-3d5063a35a2785beb404e12a5bb67384 av_four_fifth  avia-builder-el-3  avia-builder-el-no-sibling  first flex_column_div  '     ><p>\n<style type=\"text\/css\" data-created_by=\"avia_inline_auto\" id=\"style-css-av-lfco1dbs-4be704c036595979631b433c09ffbde4\">\n#top .av-special-heading.av-lfco1dbs-4be704c036595979631b433c09ffbde4{\npadding-bottom:10px;\n}\nbody .av-special-heading.av-lfco1dbs-4be704c036595979631b433c09ffbde4 .av-special-heading-tag .heading-char{\nfont-size:25px;\n}\n.av-special-heading.av-lfco1dbs-4be704c036595979631b433c09ffbde4 .av-subheading{\nfont-size:15px;\n}\n<\/style>\n<div  class='av-special-heading av-lfco1dbs-4be704c036595979631b433c09ffbde4 av-special-heading-h2 blockquote modern-quote  avia-builder-el-4  el_before_av_hr  avia-builder-el-first '><h2 class='av-special-heading-tag '  itemprop=\"headline\"  >Unterst\u00fctzung und Qualifizierung in der Vorstandsarbeit<\/h2><div class=\"special-heading-border\"><div class=\"special-heading-inner-border\"><\/div><\/div><\/div><br \/>\n<div  class='hr av-369v7a-479302d562eae084a921f8ef28df252e hr-default  avia-builder-el-5  el_after_av_heading  el_before_av_textblock '><span class='hr-inner '><span class=\"hr-inner-style\"><\/span><\/span><\/div><br \/>\n<section  class='av_textblock_section av-lfcokh7p-6161121c3323ed3ac4a894fbab8593f2 '   itemscope=\"itemscope\" itemtype=\"https:\/\/schema.org\/CreativeWork\" ><div class='avia_textblock'  itemprop=\"text\" ><p><strong><span style=\"color: #333333;\">Mit der Qualit\u00e4t der Vereinsarbeit auf Vorstandsebene steht und f\u00e4llt das Engagement aller Vereinsmitglieder. Dies betrifft s\u00e4mtliche Fachbereiche mit ihren Abteilungsleitern, ihre Stellvertretenen und Beir\u00e4te, bis hin zum einzelnen Vereinsmitglied.<\/span><\/strong><\/p>\n<p>Der Vorstandsaufgaben im Verein stehen unter anderem eine stetig wachsende Verantwortungsb\u00fcrde, ein hoher Arbeitsaufwand und gro\u00dfes Haftungsrisiko gegen\u00fcber. Dies verleiht der Arbeit im Vorstand insgesamt ein negatives Image und bremst oft die Motivation aus, ein Amt zu \u00fcbernehmen.<\/p>\n<\/div><\/section><\/p><\/div>\n<\/div><\/div>\n<\/div>\n\n<style type=\"text\/css\" data-created_by=\"avia_inline_auto\" id=\"style-css-av-lfcp4x35-fbf10dbff230f5671f01a997d18019ab\">\n.avia-section.av-lfcp4x35-fbf10dbff230f5671f01a997d18019ab{\nbackground-color:#f2f2f2;\nbackground-image:unset;\n}\n<\/style>\n<div id='av_section_1'  class='avia-section av-lfcp4x35-fbf10dbff230f5671f01a997d18019ab main_color avia-section-default avia-no-border-styling  avia-builder-el-7  el_after_av_layout_row  avia-builder-el-last  avia-bg-style-scroll container_wrap fullsize'  ><div class='container av-section-cont-open' ><div class='template-page content  av-content-full alpha units'><div class='post-entry post-entry-type-page post-entry-6566'><div class='entry-content-wrapper clearfix'>\n<section  class='av_textblock_section av-lfcpbcfg-5db6d457c710c8a3903d831f1f7a8917 '   itemscope=\"itemscope\" itemtype=\"https:\/\/schema.org\/CreativeWork\" ><div class='avia_textblock'  itemprop=\"text\" ><p style=\"text-align: center;\">Unsere Praxishilfen zur Vereinsgestaltung bieten methodische Tipps und Arbeitshilfen f\u00fcr alle, die in Gruppen oder Abteilungen unserer angeschlossenen Zweigvereine aktiv sind. Wir geben Anregungen und Informationen f\u00fcr die t\u00e4gliche Arbeit im Verein und stehen auch in schwierigen Angelegenheiten mit Rat und Tat zur Seite.<\/p>\n<blockquote>\n<p style=\"text-align: center;\">Demn\u00e4chst finden Sie hier viele n\u00fctzliche Arbeitshilfen f\u00fcr Ihre Arbeit im Vereinsvorstand!<\/p>\n<\/blockquote>\n<\/div><\/section>\n\n<div class=\"shariff shariff-align-center shariff-widget-align-flex-start\"><ul class=\"shariff-buttons theme-round orientation-horizontal buttonsize-large\"><li class=\"shariff-button whatsapp shariff-nocustomcolor\" style=\"background-color:#5cbe4a\"><a href=\"https:\/\/api.whatsapp.com\/send?text=https%3A%2F%2Fhwghv.de%2F%3Fpage_id%3D6566%20Vorstandsarbeit\" title=\"Bei Whatsapp teilen\" aria-label=\"Bei Whatsapp teilen\" role=\"button\" rel=\"noopener nofollow\" class=\"shariff-link\" style=\"; background-color:#34af23; color:#fff\" target=\"_blank\"><span class=\"shariff-icon\" style=\"\"><svg width=\"32px\" height=\"20px\" xmlns=\"http:\/\/www.w3.org\/2000\/svg\" viewBox=\"0 0 32 32\"><path fill=\"#34af23\" d=\"M17.6 17.4q0.2 0 1.7 0.8t1.6 0.9q0 0.1 0 0.3 0 0.6-0.3 1.4-0.3 0.7-1.3 1.2t-1.8 0.5q-1 0-3.4-1.1-1.7-0.8-3-2.1t-2.6-3.3q-1.3-1.9-1.3-3.5v-0.1q0.1-1.6 1.3-2.8 0.4-0.4 0.9-0.4 0.1 0 0.3 0t0.3 0q0.3 0 0.5 0.1t0.3 0.5q0.1 0.4 0.6 1.6t0.4 1.3q0 0.4-0.6 1t-0.6 0.8q0 0.1 0.1 0.3 0.6 1.3 1.8 2.4 1 0.9 2.7 1.8 0.2 0.1 0.4 0.1 0.3 0 1-0.9t0.9-0.9zM14 26.9q2.3 0 4.3-0.9t3.6-2.4 2.4-3.6 0.9-4.3-0.9-4.3-2.4-3.6-3.6-2.4-4.3-0.9-4.3 0.9-3.6 2.4-2.4 3.6-0.9 4.3q0 3.6 2.1 6.6l-1.4 4.2 4.3-1.4q2.8 1.9 6.2 1.9zM14 2.2q2.7 0 5.2 1.1t4.3 2.9 2.9 4.3 1.1 5.2-1.1 5.2-2.9 4.3-4.3 2.9-5.2 1.1q-3.5 0-6.5-1.7l-7.4 2.4 2.4-7.2q-1.9-3.2-1.9-6.9 0-2.7 1.1-5.2t2.9-4.3 4.3-2.9 5.2-1.1z\"\/><\/svg><\/span><\/a><\/li><li class=\"shariff-button facebook shariff-nocustomcolor\" style=\"background-color:#4273c8\"><a href=\"https:\/\/www.facebook.com\/sharer\/sharer.php?u=https%3A%2F%2Fhwghv.de%2F%3Fpage_id%3D6566\" title=\"Bei Facebook teilen\" aria-label=\"Bei Facebook teilen\" role=\"button\" rel=\"nofollow\" class=\"shariff-link\" style=\"; background-color:#3b5998; color:#fff\" target=\"_blank\"><span class=\"shariff-icon\" style=\"\"><svg width=\"32px\" height=\"20px\" xmlns=\"http:\/\/www.w3.org\/2000\/svg\" viewBox=\"0 0 18 32\"><path fill=\"#3b5998\" d=\"M17.1 0.2v4.7h-2.8q-1.5 0-2.1 0.6t-0.5 1.9v3.4h5.2l-0.7 5.3h-4.5v13.6h-5.5v-13.6h-4.5v-5.3h4.5v-3.9q0-3.3 1.9-5.2t5-1.8q2.6 0 4.1 0.2z\"\/><\/svg><\/span><\/a><\/li><li class=\"shariff-button mailto shariff-nocustomcolor\" style=\"background-color:#a8a8a8\"><a href=\"mailto:?body=https%3A%2F%2Fhwghv.de%2F%3Fpage_id%3D6566&subject=Vorstandsarbeit\" title=\"Per E-Mail versenden\" aria-label=\"Per E-Mail versenden\" role=\"button\" rel=\"noopener nofollow\" class=\"shariff-link\" style=\"; background-color:#999; color:#fff\"><span class=\"shariff-icon\" style=\"\"><svg width=\"32px\" height=\"20px\" xmlns=\"http:\/\/www.w3.org\/2000\/svg\" viewBox=\"0 0 32 32\"><path fill=\"#999\" d=\"M32 12.7v14.2q0 1.2-0.8 2t-2 0.9h-26.3q-1.2 0-2-0.9t-0.8-2v-14.2q0.8 0.9 1.8 1.6 6.5 4.4 8.9 6.1 1 0.8 1.6 1.2t1.7 0.9 2 0.4h0.1q0.9 0 2-0.4t1.7-0.9 1.6-1.2q3-2.2 8.9-6.1 1-0.7 1.8-1.6zM32 7.4q0 1.4-0.9 2.7t-2.2 2.2q-6.7 4.7-8.4 5.8-0.2 0.1-0.7 0.5t-1 0.7-0.9 0.6-1.1 0.5-0.9 0.2h-0.1q-0.4 0-0.9-0.2t-1.1-0.5-0.9-0.6-1-0.7-0.7-0.5q-1.6-1.1-4.7-3.2t-3.6-2.6q-1.1-0.7-2.1-2t-1-2.5q0-1.4 0.7-2.3t2.1-0.9h26.3q1.2 0 2 0.8t0.9 2z\"\/><\/svg><\/span><\/a><\/li><\/ul><\/div>","protected":false},"excerpt":{"rendered":"","protected":false},"author":1,"featured_media":0,"parent":0,"menu_order":0,"comment_status":"closed","ping_status":"closed","template":"","meta":{"footnotes":""},"class_list":["post-6566","page","type-page","status-publish","hentry"],"_links":{"self":[{"href":"https:\/\/hwghv.de\/index.php?rest_route=\/wp\/v2\/pages\/6566","targetHints":{"allow":["GET"]}}],"collection":[{"href":"https:\/\/hwghv.de\/index.php?rest_route=\/wp\/v2\/pages"}],"about":[{"href":"https:\/\/hwghv.de\/index.php?rest_route=\/wp\/v2\/types\/page"}],"author":[{"embeddable":true,"href":"https:\/\/hwghv.de\/index.php?rest_route=\/wp\/v2\/users\/1"}],"replies":[{"embeddable":true,"href":"https:\/\/hwghv.de\/index.php?rest_route=%2Fwp%2Fv2%2Fcomments&post=6566"}],"version-history":[{"count":24,"href":"https:\/\/hwghv.de\/index.php?rest_route=\/wp\/v2\/pages\/6566\/revisions"}],"predecessor-version":[{"id":6640,"href":"https:\/\/hwghv.de\/index.php?rest_route=\/wp\/v2\/pages\/6566\/revisions\/6640"}],"wp:attachment":[{"href":"https:\/\/hwghv.de\/index.php?rest_route=%2Fwp%2Fv2%2Fmedia&parent=6566"}],"curies":[{"name":"wp","href":"https:\/\/api.w.org\/{rel}","templated":true}]}}