{"id":2,"date":"2025-11-18T19:09:21","date_gmt":"2025-11-18T18:09:21","guid":{"rendered":"https:\/\/hwghv.de\/wegefall\/?page_id=2"},"modified":"2025-11-19T08:10:59","modified_gmt":"2025-11-19T07:10:59","slug":"lanmeldung","status":"publish","type":"page","link":"https:\/\/hwghv.de\/wegefall\/lanmeldung\/","title":{"rendered":"HWGHV Gesamtverein e. V."},"content":{"rendered":"\n<p>Wegemenagement \/ Interner Bereich<\/p>\n\n\n\n<div class=\"wp-block-group alignfull is-layout-constrained wp-block-group-is-layout-constrained\" style=\"margin-top:0;margin-bottom:0;padding-top:var(--wp--preset--spacing--50);padding-bottom:var(--wp--preset--spacing--50)\">\n<h2 class=\"wp-block-heading alignwide\">Unsere Cluster im Wegemanagement<\/h2>\n\n\n\n<div class=\"wp-block-columns alignwide is-layout-flex wp-container-core-columns-is-layout-9d6595d7 wp-block-columns-is-layout-flex\">\n<div class=\"wp-block-column is-layout-flow wp-block-column-is-layout-flow\">\n<figure class=\"wp-block-image size-full\" style=\"margin-bottom:24px\"><img decoding=\"async\" src=\"https:\/\/hwghv.de\/wegefall\/wp-content\/themes\/twentytwentyfive\/assets\/images\/campanula-alliariifolia-flower.webp\" alt=\"Bild f\u00fcr die Dienstleistung\" style=\"aspect-ratio:4\/3;object-fit:cover\"\/><\/figure>\n\n\n\n<h3 class=\"wp-block-heading\">Wegezeichnung<\/h3>\n\n\n\n<p class=\"has-medium-font-size\">Wie Blumen, die an unerwarteten Orten bl\u00fchen, entfaltet sich jede Geschichte mit Sch\u00f6nheit und Widerstandsf\u00e4higkeit<\/p>\n<\/div>\n\n\n\n<div class=\"wp-block-column is-layout-flow wp-block-column-is-layout-flow\">\n<figure class=\"wp-block-image size-full\" style=\"margin-bottom:24px\"><img decoding=\"async\" src=\"https:\/\/hwghv.de\/wegefall\/wp-content\/themes\/twentytwentyfive\/assets\/images\/delphinium-flowers.webp\" alt=\"Bild f\u00fcr die Dienstleistung\" style=\"aspect-ratio:4\/3;object-fit:cover\"\/><\/figure>\n\n\n\n<h3 class=\"wp-block-heading\">Wegereklamation<\/h3>\n\n\n\n<p class=\"has-medium-font-size\">Wie Blumen, die an unerwarteten Orten bl\u00fchen, entfaltet sich jede Geschichte mit Sch\u00f6nheit und Widerstandsf\u00e4higkeit<\/p>\n<\/div>\n\n\n\n<div class=\"wp-block-column is-layout-flow wp-block-column-is-layout-flow\">\n<figure class=\"wp-block-image size-full\" style=\"margin-bottom:24px\"><img decoding=\"async\" src=\"https:\/\/hwghv.de\/wegefall\/wp-content\/themes\/twentytwentyfive\/assets\/images\/star-thristle-flower.webp\" alt=\"Bild f\u00fcr die Dienstleistung\" style=\"aspect-ratio:4\/3;object-fit:cover\"\/><\/figure>\n\n\n\n<h3 class=\"wp-block-heading\">Wegeorganisation<\/h3>\n\n\n\n<p class=\"has-medium-font-size\">Wie Blumen, die an unerwarteten Orten bl\u00fchen, entfaltet sich jede Geschichte mit Sch\u00f6nheit und Widerstandsf\u00e4higkeit<\/p>\n<\/div>\n<\/div>\n<\/div>\n\n\n\n<div class=\"wp-block-group is-nowrap is-layout-flex wp-container-core-group-is-layout-ad2f72ca wp-block-group-is-layout-flex\">\n<details class=\"wp-block-details has-accent-4-color has-accent-5-background-color has-text-color has-background has-link-color has-large-font-size wp-elements-0adb391fc608635625d6e112d2f241b4 is-layout-flow wp-block-details-is-layout-flow\"><summary><\/summary>\n<ul class=\"wp-block-list\">\n<li>Dies ist der <strong><a href=\"https:\/\/hwghv.de\/wegefall\/\" data-type=\"page\" data-id=\"2\">verborgene<\/a><\/strong> Text<\/li>\n\n\n\n<li>xxxx<\/li>\n\n\n\n<li>xxxxx<\/li>\n\n\n\n<li>xxxxx<\/li>\n<\/ul>\n\n\n\n<div class=\"wp-block-columns is-layout-flex wp-container-core-columns-is-layout-9d6595d7 wp-block-columns-is-layout-flex\">\n<div class=\"wp-block-column is-layout-flow wp-block-column-is-layout-flow\" style=\"flex-basis:50%\">\n<pre class=\"wp-block-verse\">dfdfdd<\/pre>\n<\/div>\n\n\n\n<div class=\"wp-block-column is-layout-flow wp-block-column-is-layout-flow\" style=\"flex-basis:50%\">\n<figure class=\"wp-block-image size-large\"><img loading=\"lazy\" decoding=\"async\" width=\"1024\" height=\"683\" src=\"https:\/\/hwghv.de\/wegefall\/wp-content\/uploads\/sites\/39\/2025\/11\/wfa24_3-Foto_01-1024x683.webp\" alt=\"\" class=\"wp-image-44\" style=\"aspect-ratio:1;object-fit:cover\" srcset=\"https:\/\/hwghv.de\/wegefall\/wp-content\/uploads\/sites\/39\/2025\/11\/wfa24_3-Foto_01-1024x683.webp 1024w, https:\/\/hwghv.de\/wegefall\/wp-content\/uploads\/sites\/39\/2025\/11\/wfa24_3-Foto_01-300x200.webp 300w, https:\/\/hwghv.de\/wegefall\/wp-content\/uploads\/sites\/39\/2025\/11\/wfa24_3-Foto_01-768x512.webp 768w, https:\/\/hwghv.de\/wegefall\/wp-content\/uploads\/sites\/39\/2025\/11\/wfa24_3-Foto_01-1536x1024.webp 1536w, https:\/\/hwghv.de\/wegefall\/wp-content\/uploads\/sites\/39\/2025\/11\/wfa24_3-Foto_01.webp 1800w\" sizes=\"auto, (max-width: 1024px) 100vw, 1024px\" \/><\/figure>\n<\/div>\n<\/div>\n\n\n\n<p>dfdfddfdfdf<\/p>\n<\/details>\n\n\n\n<p class=\"has-text-align-left\">Information zur Anmeldung<\/p>\n<\/div>\n\n\n\n<p><\/p>\n","protected":false},"excerpt":{"rendered":"<p>Wegemenagement \/ Interner Bereich Unsere Cluster im Wegemanagement Wegezeichnung Wie Blumen, die an unerwarteten Orten bl\u00fchen, entfaltet sich jede Geschichte mit Sch\u00f6nheit und Widerstandsf\u00e4higkeit Wegereklamation Wie Blumen, die an unerwarteten [&hellip;]<\/p>\n","protected":false},"author":48,"featured_media":0,"parent":0,"menu_order":0,"comment_status":"closed","ping_status":"open","template":"","meta":{"footnotes":""},"class_list":["post-2","page","type-page","status-publish","hentry"],"_links":{"self":[{"href":"https:\/\/hwghv.de\/wegefall\/wp-json\/wp\/v2\/pages\/2","targetHints":{"allow":["GET"]}}],"collection":[{"href":"https:\/\/hwghv.de\/wegefall\/wp-json\/wp\/v2\/pages"}],"about":[{"href":"https:\/\/hwghv.de\/wegefall\/wp-json\/wp\/v2\/types\/page"}],"author":[{"embeddable":true,"href":"https:\/\/hwghv.de\/wegefall\/wp-json\/wp\/v2\/users\/48"}],"replies":[{"embeddable":true,"href":"https:\/\/hwghv.de\/wegefall\/wp-json\/wp\/v2\/comments?post=2"}],"version-history":[{"count":18,"href":"https:\/\/hwghv.de\/wegefall\/wp-json\/wp\/v2\/pages\/2\/revisions"}],"predecessor-version":[{"id":45,"href":"https:\/\/hwghv.de\/wegefall\/wp-json\/wp\/v2\/pages\/2\/revisions\/45"}],"wp:attachment":[{"href":"https:\/\/hwghv.de\/wegefall\/wp-json\/wp\/v2\/media?parent=2"}],"curies":[{"name":"wp","href":"https:\/\/api.w.org\/{rel}","templated":true}]}}